{"id":1315,"date":"2021-12-30T23:04:09","date_gmt":"2021-12-31T04:04:09","guid":{"rendered":"https:\/\/www.gybernov.com\/new\/?page_id=1315"},"modified":"2025-06-24T16:54:49","modified_gmt":"2025-06-24T20:54:49","slug":"accueil","status":"publish","type":"page","link":"https:\/\/www.gybernov.com\/new\/fr\/accueil\/","title":{"rendered":"accueil"},"content":{"rendered":"<p>\u2154 des chefs d&#8217;entreprises pensent que les risques en cybers\u00e9curit\u00e9 augmentent.<\/p>\n<h4>Prot\u00e9gez vos affaires<br \/>\nVotre hygi\u00e8ne num\u00e9rique compte<\/h4>\n<h4><a style=\"font-style: var(--go-heading--font-style,normal); font-weight: var(--go-heading--font-weight); letter-spacing: var(--go--letter-spacing,normal);\" href=\"https:\/\/www.gybernov.com\/new\/services\/\">Nos Services<\/a><\/h4>\n<h3>Conseils &amp; Ing\u00e9nierie<\/h3>\n<p>Quelle que soit votre maturit\u00e9 en mati\u00e8re de cybers\u00e9curit\u00e9, que vous ayez d\u00e9j\u00e0 une structure ou non, nous pouvons vous aider \u00e0 mettre en \u0153uvre votre plan de s\u00e9curit\u00e9 pour s&#8217;adapter \u00e0 votre strat\u00e9gie \u00e0 partir de z\u00e9ro, ou nous pouvons am\u00e9liorer vos processus actuels, en plus nous pouvons fournir de multiples ressources et assistance technique, telles que \u00e9quipe bleue ou rouge, SSDLC et plus<\/p>\n<p><a href=\"https:\/\/www.gybernov.com\/new\/consulting\"><br \/>\nApprenez davantage<br \/>\n<\/a><\/p>\n<h3>Cyber \u00e9ducation<\/h3>\n<p>95% des violations de la cybers\u00e9curit\u00e9 sont caus\u00e9es par une erreur humaine, ne laissez pas votre entreprise en danger, nous proposons une formation aux dirigeants et aux cadres pour acqu\u00e9rir la plus grande exp\u00e9rience de prise de d\u00e9cision, nous pouvons \u00e9galement mettre en \u0153uvre un plan de sensibilisation technique ou non technique<\/p>\n<p><a href=\"https:\/\/www.gybernov.com\/new\/education\"><br \/>\nApprenez davantage<br \/>\n<\/a><\/p>\n<h3>Gestion des risques<\/h3>\n<p>La plupart des personnes sous-estiment l&#8217;ampleur de l&#8217;impact des risques oubli\u00e9s, ne laissez aucune chance passer outre, restez attentif \u00e0 toutes les exigences de conformit\u00e9, nous pouvons vous aider \u00e0 \u00e9valuer r\u00e9guli\u00e8rement les risques de votre environnement et \u00e0 l&#8217;optimiser.<\/p>\n<p><a href=\"https:\/\/www.gybernov.com\/new\/risk\"><br \/>\nApprenez davantage<br \/>\n<\/a><\/p>\n","protected":false},"excerpt":{"rendered":"<p>\u2154 des chefs d&#8217;entreprises pensent que les risques en cybers\u00e9curit\u00e9 augmentent. Prot\u00e9gez vos affaires Votre hygi\u00e8ne num\u00e9rique compte Nos Services Conseils &amp; Ing\u00e9nierie Quelle que soit votre maturit\u00e9 en mati\u00e8re de cybers\u00e9curit\u00e9, que vous ayez d\u00e9j\u00e0 une structure ou non, nous pouvons vous aider \u00e0 mettre en \u0153uvre votre plan de s\u00e9curit\u00e9 pour s&#8217;adapter \u00e0 [&hellip;]<\/p>\n","protected":false},"author":1,"featured_media":0,"parent":0,"menu_order":0,"comment_status":"closed","ping_status":"closed","template":"","meta":{"_coblocks_attr":"","_coblocks_dimensions":"{\"coblocks-hero-82516314142\":{\"padding\":{\"paddingTop\":\"60px\",\"paddingRight\":\"60px\",\"paddingBottom\":\"60px\",\"paddingLeft\":\"60px\",\"paddingTopTablet\":null,\"paddingRightTablet\":null,\"paddingBottomTablet\":null,\"paddingLeftTablet\":null,\"paddingTopMobile\":null,\"paddingRightMobile\":null,\"paddingBottomMobile\":null,\"paddingLeftMobile\":null}}}","_coblocks_responsive_height":"","_coblocks_accordion_ie_support":"","advanced_seo_description":"","jetpack_seo_html_title":"","jetpack_seo_noindex":false,"hide_page_title":"","footnotes":""},"class_list":["post-1315","page","type-page","status-publish","hentry"],"jetpack-related-posts":[],"jetpack_shortlink":"https:\/\/wp.me\/PcR73I-ld","jetpack_sharing_enabled":true,"_links":{"self":[{"href":"https:\/\/www.gybernov.com\/new\/wp-json\/wp\/v2\/pages\/1315","targetHints":{"allow":["GET"]}}],"collection":[{"href":"https:\/\/www.gybernov.com\/new\/wp-json\/wp\/v2\/pages"}],"about":[{"href":"https:\/\/www.gybernov.com\/new\/wp-json\/wp\/v2\/types\/page"}],"author":[{"embeddable":true,"href":"https:\/\/www.gybernov.com\/new\/wp-json\/wp\/v2\/users\/1"}],"replies":[{"embeddable":true,"href":"https:\/\/www.gybernov.com\/new\/wp-json\/wp\/v2\/comments?post=1315"}],"version-history":[{"count":51,"href":"https:\/\/www.gybernov.com\/new\/wp-json\/wp\/v2\/pages\/1315\/revisions"}],"predecessor-version":[{"id":1470,"href":"https:\/\/www.gybernov.com\/new\/wp-json\/wp\/v2\/pages\/1315\/revisions\/1470"}],"wp:attachment":[{"href":"https:\/\/www.gybernov.com\/new\/wp-json\/wp\/v2\/media?parent=1315"}],"curies":[{"name":"wp","href":"https:\/\/api.w.org\/{rel}","templated":true}]}}